{"id":241,"date":"2026-02-25T15:08:50","date_gmt":"2026-02-25T15:08:50","guid":{"rendered":"https:\/\/liftcapital.net\/?page_id=241"},"modified":"2026-02-25T15:09:06","modified_gmt":"2026-02-25T15:09:06","slug":"preguntas-frecuentes","status":"publish","type":"page","link":"https:\/\/liftcapital.net\/index.php\/preguntas-frecuentes\/","title":{"rendered":"Preguntas Frecuentes"},"content":{"rendered":"<div class=\"wpb-content-wrapper\"><p>[vc_row][vc_column][vc_column_text css=&#8221;&#8221;]1) \u00bfQu\u00e9 es una nota protegida?<br \/>\nUna nota protegida es un instrumento estructurado dise\u00f1ado para ofrecer un nivel de protecci\u00f3n bajo condiciones definidas, mientras brinda exposici\u00f3n a determinados mercados. Su conveniencia depende del objetivo, horizonte y perfil de riesgo del inversionista.<\/p>\n<p>2) \u00bfQu\u00e9 es una nota estructurada?<br \/>\nEs una estructura financiera dise\u00f1ada para lograr un resultado espec\u00edfico (por ejemplo, rendimiento condicionado o participaci\u00f3n en un activo subyacente) bajo t\u00e9rminos y escenarios previamente establecidos.<\/p>\n<p>3) \u00bfC\u00f3mo opera LIFT Factoring?<br \/>\nMediante procesos disciplinados de evaluaci\u00f3n y documentaci\u00f3n, transformamos cuentas por cobrar en liquidez inmediata, ayudando a mejorar el ciclo de caja de empresas con plazos de cobro extendidos.<\/p>\n<p>4) \u00bfC\u00f3mo opera LIFT Leasing?<br \/>\nA trav\u00e9s de estructuras de financiamiento respaldadas por activos, incluyendo esquemas de leaseback y financiamiento de maquinaria o equipo, orientados a optimizar liquidez y crecimiento.<\/p>\n<p>5) \u00bfLIFT Investments ofrece Consultor\u00eda personalizada?<br \/>\nLIFT Investments opera estructuras privadas sujetas a evaluaci\u00f3n individual y documentaci\u00f3n correspondiente. El proceso inicia con una conversaci\u00f3n para entender objetivos, horizonte y perfil.<\/p>\n<p>6) \u00bfD\u00f3nde operan?<br \/>\nOperamos financieramente en Centroam\u00e9rica, y nuestra plataforma de inversi\u00f3n privada y consultor\u00eda patrimonial est\u00e1 basada en Panam\u00e1.[\/vc_column_text][\/vc_column][\/vc_row]<\/p>\n<\/div>","protected":false},"excerpt":{"rendered":"<p>[vc_row][vc_column][vc_column_text css=&#8221;&#8221;]1) \u00bfQu\u00e9 es una nota protegida? Una nota protegida es un instrumento estructurado dise\u00f1ado para ofrecer un nivel de protecci\u00f3n bajo condiciones definidas, mientras brinda exposici\u00f3n a determinados mercados. Su conveniencia depende del objetivo, horizonte y perfil de riesgo del inversionista. 2) \u00bfQu\u00e9 es una nota estructurada? Es una estructura financiera dise\u00f1ada para lograr [&hellip;]<\/p>\n","protected":false},"author":1,"featured_media":0,"parent":0,"menu_order":0,"comment_status":"closed","ping_status":"closed","template":"","meta":{"footnotes":""},"class_list":["post-241","page","type-page","status-publish","hentry"],"_links":{"self":[{"href":"https:\/\/liftcapital.net\/index.php\/wp-json\/wp\/v2\/pages\/241","targetHints":{"allow":["GET"]}}],"collection":[{"href":"https:\/\/liftcapital.net\/index.php\/wp-json\/wp\/v2\/pages"}],"about":[{"href":"https:\/\/liftcapital.net\/index.php\/wp-json\/wp\/v2\/types\/page"}],"author":[{"embeddable":true,"href":"https:\/\/liftcapital.net\/index.php\/wp-json\/wp\/v2\/users\/1"}],"replies":[{"embeddable":true,"href":"https:\/\/liftcapital.net\/index.php\/wp-json\/wp\/v2\/comments?post=241"}],"version-history":[{"count":2,"href":"https:\/\/liftcapital.net\/index.php\/wp-json\/wp\/v2\/pages\/241\/revisions"}],"predecessor-version":[{"id":243,"href":"https:\/\/liftcapital.net\/index.php\/wp-json\/wp\/v2\/pages\/241\/revisions\/243"}],"wp:attachment":[{"href":"https:\/\/liftcapital.net\/index.php\/wp-json\/wp\/v2\/media?parent=241"}],"curies":[{"name":"wp","href":"https:\/\/api.w.org\/{rel}","templated":true}]}}