{"id":238,"date":"2026-02-25T15:04:47","date_gmt":"2026-02-25T15:04:47","guid":{"rendered":"https:\/\/liftcapital.net\/?page_id=238"},"modified":"2026-02-25T15:05:02","modified_gmt":"2026-02-25T15:05:02","slug":"insights","status":"publish","type":"page","link":"https:\/\/liftcapital.net\/index.php\/insights\/","title":{"rendered":"Insights"},"content":{"rendered":"<div class=\"wpb-content-wrapper\"><p>[vc_row][vc_column][vc_column_text css=&#8221;&#8221;]Insights es nuestro espacio editorial para fortalecer criterio, claridad y educaci\u00f3n financiera.<\/p>\n<p>Publicamos an\u00e1lisis y gu\u00edas que ayudan a entender el contexto y a tomar decisiones con una visi\u00f3n de largo plazo.<\/p>\n<p>Aqu\u00ed podr\u00e1s encontrar:<br \/>\n\u2022 Lecturas de mercado y tendencias macroecon\u00f3micas<br \/>\n\u2022 Educaci\u00f3n pr\u00e1ctica: renta fija alternativa, private equity y estructuraci\u00f3n patrimonial<br \/>\n\u2022 Contenido sobre instrumentos estructurados (notas protegidas y notas estructuradas) y su l\u00f3gica de uso en portafolios<br \/>\n\u2022 Ideas sobre disciplina, diversificaci\u00f3n y construcci\u00f3n de libertad financiera[\/vc_column_text][\/vc_column][\/vc_row]<\/p>\n<\/div>","protected":false},"excerpt":{"rendered":"<p>[vc_row][vc_column][vc_column_text css=&#8221;&#8221;]Insights es nuestro espacio editorial para fortalecer criterio, claridad y educaci\u00f3n financiera. Publicamos an\u00e1lisis y gu\u00edas que ayudan a entender el contexto y a tomar decisiones con una visi\u00f3n de largo plazo. Aqu\u00ed podr\u00e1s encontrar: \u2022 Lecturas de mercado y tendencias macroecon\u00f3micas \u2022 Educaci\u00f3n pr\u00e1ctica: renta fija alternativa, private equity y estructuraci\u00f3n patrimonial \u2022 [&hellip;]<\/p>\n","protected":false},"author":1,"featured_media":0,"parent":0,"menu_order":0,"comment_status":"closed","ping_status":"closed","template":"","meta":{"footnotes":""},"class_list":["post-238","page","type-page","status-publish","hentry"],"_links":{"self":[{"href":"https:\/\/liftcapital.net\/index.php\/wp-json\/wp\/v2\/pages\/238","targetHints":{"allow":["GET"]}}],"collection":[{"href":"https:\/\/liftcapital.net\/index.php\/wp-json\/wp\/v2\/pages"}],"about":[{"href":"https:\/\/liftcapital.net\/index.php\/wp-json\/wp\/v2\/types\/page"}],"author":[{"embeddable":true,"href":"https:\/\/liftcapital.net\/index.php\/wp-json\/wp\/v2\/users\/1"}],"replies":[{"embeddable":true,"href":"https:\/\/liftcapital.net\/index.php\/wp-json\/wp\/v2\/comments?post=238"}],"version-history":[{"count":2,"href":"https:\/\/liftcapital.net\/index.php\/wp-json\/wp\/v2\/pages\/238\/revisions"}],"predecessor-version":[{"id":240,"href":"https:\/\/liftcapital.net\/index.php\/wp-json\/wp\/v2\/pages\/238\/revisions\/240"}],"wp:attachment":[{"href":"https:\/\/liftcapital.net\/index.php\/wp-json\/wp\/v2\/media?parent=238"}],"curies":[{"name":"wp","href":"https:\/\/api.w.org\/{rel}","templated":true}]}}