{"id":234,"date":"2026-02-25T15:02:20","date_gmt":"2026-02-25T15:02:20","guid":{"rendered":"https:\/\/liftcapital.net\/?page_id=234"},"modified":"2026-02-25T15:03:09","modified_gmt":"2026-02-25T15:03:09","slug":"gobierno-corporativo","status":"publish","type":"page","link":"https:\/\/liftcapital.net\/index.php\/gobierno-corporativo\/","title":{"rendered":"Gobierno Corporativo"},"content":{"rendered":"<div class=\"wpb-content-wrapper\"><p>[vc_row][vc_column][vc_column_text css=&#8221;&#8221;]En LIFT Capital, el gobierno corporativo constituye un pilar esencial de nuestra estructura institucional. Operamos bajo est\u00e1ndares claros de supervisi\u00f3n y cumplimiento, garantizando que cada divisi\u00f3n funcione dentro de marcos legales definidos y bajo procesos internos rigurosos de control y an\u00e1lisis estructural del riesgo.<\/p>\n<p>Supervisi\u00f3n y Cumplimiento<br \/>\n\u2022 En Guatemala, nuestras operaciones de factoring se desarrollan conforme al Decreto 1-2018 del Congreso de la Rep\u00fablica de Guatemala.<br \/>\n\u2022 En Guatemala, nuestras operaciones de leasing se desarrollan conforme al Decreto 2-2021 del Congreso de la Rep\u00fablica de Guatemala.<br \/>\n\u2022 En Panam\u00e1, LIFT Investments est\u00e1 constituida bajo la Ley 32 de 1927 y opera como<\/p>\n<p>Sociedad de Inversi\u00f3n Privada registrada ante la Superintendencia del Mercado de Valores de Panam\u00e1.<\/p>\n<p>Auditor\u00eda Internacional<br \/>\nNuestra auditor\u00eda externa es realizada por UHY, firma internacional con presencia global, fortaleciendo nuestros est\u00e1ndares de control financiero, revisi\u00f3n independiente y transparencia operativa.<\/p>\n<p>Protocolos y Mejores Pr\u00e1cticas Internacionales<br \/>\nAlineamos nuestras pr\u00e1cticas con marcos reconocidos internacionalmente, incluyendo:<br \/>\n\u2022 PRI \u2013 Principios para la Inversi\u00f3n Responsable<br \/>\n\u2022 GAFI \u2013 Est\u00e1ndares internacionales de prevenci\u00f3n de lavado de activos<br \/>\n\u2022 IFRS \u2013 Normas Internacionales de Informaci\u00f3n Financiera<br \/>\n\u2022 OCDE \u2013 Lineamientos de gobernanza y transparencia<\/p>\n<p>Nuestra gobernanza integra:<br \/>\n\u2022 Separaci\u00f3n clara entre operaci\u00f3n, inversi\u00f3n y consultor\u00eda<br \/>\n\u2022 Procesos internos formales de an\u00e1lisis de riesgo<br \/>\n\u2022 Monitoreo continuo de estructuras financieras<br \/>\n\u2022 Transparencia informativa y documentaci\u00f3n estructurada[\/vc_column_text][\/vc_column][\/vc_row]<\/p>\n<\/div>","protected":false},"excerpt":{"rendered":"<p>[vc_row][vc_column][vc_column_text css=&#8221;&#8221;]En LIFT Capital, el gobierno corporativo constituye un pilar esencial de nuestra estructura institucional. Operamos bajo est\u00e1ndares claros de supervisi\u00f3n y cumplimiento, garantizando que cada divisi\u00f3n funcione dentro de marcos legales definidos y bajo procesos internos rigurosos de control y an\u00e1lisis estructural del riesgo. Supervisi\u00f3n y Cumplimiento \u2022 En Guatemala, nuestras operaciones de factoring [&hellip;]<\/p>\n","protected":false},"author":1,"featured_media":0,"parent":0,"menu_order":0,"comment_status":"closed","ping_status":"closed","template":"","meta":{"footnotes":""},"class_list":["post-234","page","type-page","status-publish","hentry"],"_links":{"self":[{"href":"https:\/\/liftcapital.net\/index.php\/wp-json\/wp\/v2\/pages\/234","targetHints":{"allow":["GET"]}}],"collection":[{"href":"https:\/\/liftcapital.net\/index.php\/wp-json\/wp\/v2\/pages"}],"about":[{"href":"https:\/\/liftcapital.net\/index.php\/wp-json\/wp\/v2\/types\/page"}],"author":[{"embeddable":true,"href":"https:\/\/liftcapital.net\/index.php\/wp-json\/wp\/v2\/users\/1"}],"replies":[{"embeddable":true,"href":"https:\/\/liftcapital.net\/index.php\/wp-json\/wp\/v2\/comments?post=234"}],"version-history":[{"count":3,"href":"https:\/\/liftcapital.net\/index.php\/wp-json\/wp\/v2\/pages\/234\/revisions"}],"predecessor-version":[{"id":237,"href":"https:\/\/liftcapital.net\/index.php\/wp-json\/wp\/v2\/pages\/234\/revisions\/237"}],"wp:attachment":[{"href":"https:\/\/liftcapital.net\/index.php\/wp-json\/wp\/v2\/media?parent=234"}],"curies":[{"name":"wp","href":"https:\/\/api.w.org\/{rel}","templated":true}]}}