{"id":227,"date":"2026-02-25T14:57:01","date_gmt":"2026-02-25T14:57:01","guid":{"rendered":"https:\/\/liftcapital.net\/?page_id=227"},"modified":"2026-02-25T14:57:54","modified_gmt":"2026-02-25T14:57:54","slug":"arquitectura-patrimonial","status":"publish","type":"page","link":"https:\/\/liftcapital.net\/index.php\/arquitectura-patrimonial\/","title":{"rendered":"Arquitectura Patrimonial"},"content":{"rendered":"<div class=\"wpb-content-wrapper\"><p>[vc_row][vc_column][vc_column_text css=&#8221;&#8221;]La libertad financiera sostenible se construye con arquitectura, no con impulsos.<\/p>\n<p>En LIFT Capital entendemos la arquitectura patrimonial como el dise\u00f1o consciente del patrimonio: c\u00f3mo se organiza el capital, c\u00f3mo se diversifica el riesgo y c\u00f3mo se preserva la continuidad a lo largo de los a\u00f1os. La mayor\u00eda de las personas concentra su patrimonio en una sola fuente; nuestro enfoque parte de crear equilibrio, estructura y resiliencia.<\/p>\n<p>Nuestra metodolog\u00eda integra:<br \/>\n\u2022 Diagn\u00f3stico patrimonial y claridad de objetivos<br \/>\n\u2022 Diversificaci\u00f3n disciplinada y asignaci\u00f3n estrat\u00e9gica<br \/>\n\u2022 Preservaci\u00f3n de capital y generaci\u00f3n de flujo estructurado<br \/>\n\u2022 Orden legal y documentaci\u00f3n coherente<br \/>\n\u2022 Continuidad multigeneracional<\/p>\n<p>La arquitectura adecuada evoluciona con el tiempo: crece con el inversionista, se adapta a nuevas etapas y fortalece la independencia financiera.[\/vc_column_text][\/vc_column][\/vc_row]<\/p>\n<\/div>","protected":false},"excerpt":{"rendered":"<p>[vc_row][vc_column][vc_column_text css=&#8221;&#8221;]La libertad financiera sostenible se construye con arquitectura, no con impulsos. En LIFT Capital entendemos la arquitectura patrimonial como el dise\u00f1o consciente del patrimonio: c\u00f3mo se organiza el capital, c\u00f3mo se diversifica el riesgo y c\u00f3mo se preserva la continuidad a lo largo de los a\u00f1os. La mayor\u00eda de las personas concentra su patrimonio [&hellip;]<\/p>\n","protected":false},"author":1,"featured_media":0,"parent":0,"menu_order":0,"comment_status":"closed","ping_status":"closed","template":"","meta":{"footnotes":""},"class_list":["post-227","page","type-page","status-publish","hentry"],"_links":{"self":[{"href":"https:\/\/liftcapital.net\/index.php\/wp-json\/wp\/v2\/pages\/227","targetHints":{"allow":["GET"]}}],"collection":[{"href":"https:\/\/liftcapital.net\/index.php\/wp-json\/wp\/v2\/pages"}],"about":[{"href":"https:\/\/liftcapital.net\/index.php\/wp-json\/wp\/v2\/types\/page"}],"author":[{"embeddable":true,"href":"https:\/\/liftcapital.net\/index.php\/wp-json\/wp\/v2\/users\/1"}],"replies":[{"embeddable":true,"href":"https:\/\/liftcapital.net\/index.php\/wp-json\/wp\/v2\/comments?post=227"}],"version-history":[{"count":2,"href":"https:\/\/liftcapital.net\/index.php\/wp-json\/wp\/v2\/pages\/227\/revisions"}],"predecessor-version":[{"id":233,"href":"https:\/\/liftcapital.net\/index.php\/wp-json\/wp\/v2\/pages\/227\/revisions\/233"}],"wp:attachment":[{"href":"https:\/\/liftcapital.net\/index.php\/wp-json\/wp\/v2\/media?parent=227"}],"curies":[{"name":"wp","href":"https:\/\/api.w.org\/{rel}","templated":true}]}}