{"id":216,"date":"2026-02-21T15:01:19","date_gmt":"2026-02-21T15:01:19","guid":{"rendered":"https:\/\/liftcapital.net\/?page_id=216"},"modified":"2026-02-21T15:02:30","modified_gmt":"2026-02-21T15:02:30","slug":"lift-consultores","status":"publish","type":"page","link":"https:\/\/liftcapital.net\/index.php\/lift-consultores\/","title":{"rendered":"Lift Consultores"},"content":{"rendered":"<div class=\"wpb-content-wrapper\"><p>[vc_row][vc_column][vc_column_text css=&#8221;&#8221;]LIFT Consultores es nuestra divisi\u00f3n de consultor\u00eda patrimonial estrat\u00e9gica basada en Panam\u00e1. Acompa\u00f1amos a nuestros clientes a estructurar su patrimonio con un enfoque claro: orden, diversificaci\u00f3n disciplinada y continuidad en el tiempo.<\/p>\n<p>Trabajamos con tres perfiles, entendiendo que cada etapa del patrimonio requiere un modelo diferente:<br \/>\n\u2022 Inversionistas Emergentes<br \/>\n\u2022 Inversionistas Consolidados<br \/>\n\u2022 Inversionistas de Legado Patrimonial<\/p>\n<p>Nuestro proceso integra diagn\u00f3stico patrimonial, dise\u00f1o de portafolio, selecci\u00f3n responsable de instrumentos y evoluci\u00f3n estrat\u00e9gica del plan conforme cambian las metas y el patrimonio.<\/p>\n<p>\u00bfPara qui\u00e9n es LIFT Consultores?<br \/>\n\u2022 Inversionistas emergentes que desean construir base patrimonial estructurada.<br \/>\n\u2022 Inversionistas consolidados que buscan equilibrio y preservaci\u00f3n.<br \/>\n\u2022 Familias que desean continuidad multigeneracional, eficiencia y orden patrimonial.[\/vc_column_text][\/vc_column][\/vc_row]<\/p>\n<\/div>","protected":false},"excerpt":{"rendered":"<p>[vc_row][vc_column][vc_column_text css=&#8221;&#8221;]LIFT Consultores es nuestra divisi\u00f3n de consultor\u00eda patrimonial estrat\u00e9gica basada en Panam\u00e1. Acompa\u00f1amos a nuestros clientes a estructurar su patrimonio con un enfoque claro: orden, diversificaci\u00f3n disciplinada y continuidad en el tiempo. Trabajamos con tres perfiles, entendiendo que cada etapa del patrimonio requiere un modelo diferente: \u2022 Inversionistas Emergentes \u2022 Inversionistas Consolidados \u2022 Inversionistas [&hellip;]<\/p>\n","protected":false},"author":1,"featured_media":0,"parent":0,"menu_order":0,"comment_status":"closed","ping_status":"closed","template":"","meta":{"footnotes":""},"class_list":["post-216","page","type-page","status-publish","hentry"],"_links":{"self":[{"href":"https:\/\/liftcapital.net\/index.php\/wp-json\/wp\/v2\/pages\/216","targetHints":{"allow":["GET"]}}],"collection":[{"href":"https:\/\/liftcapital.net\/index.php\/wp-json\/wp\/v2\/pages"}],"about":[{"href":"https:\/\/liftcapital.net\/index.php\/wp-json\/wp\/v2\/types\/page"}],"author":[{"embeddable":true,"href":"https:\/\/liftcapital.net\/index.php\/wp-json\/wp\/v2\/users\/1"}],"replies":[{"embeddable":true,"href":"https:\/\/liftcapital.net\/index.php\/wp-json\/wp\/v2\/comments?post=216"}],"version-history":[{"count":2,"href":"https:\/\/liftcapital.net\/index.php\/wp-json\/wp\/v2\/pages\/216\/revisions"}],"predecessor-version":[{"id":218,"href":"https:\/\/liftcapital.net\/index.php\/wp-json\/wp\/v2\/pages\/216\/revisions\/218"}],"wp:attachment":[{"href":"https:\/\/liftcapital.net\/index.php\/wp-json\/wp\/v2\/media?parent=216"}],"curies":[{"name":"wp","href":"https:\/\/api.w.org\/{rel}","templated":true}]}}