{"id":213,"date":"2026-02-21T14:56:04","date_gmt":"2026-02-21T14:56:04","guid":{"rendered":"https:\/\/liftcapital.net\/?page_id=213"},"modified":"2026-02-21T14:57:35","modified_gmt":"2026-02-21T14:57:35","slug":"lift-investments","status":"publish","type":"page","link":"https:\/\/liftcapital.net\/index.php\/lift-investments\/","title":{"rendered":"Lift Investments"},"content":{"rendered":"<div class=\"wpb-content-wrapper\"><p>[vc_row][vc_column][vc_column_text css=&#8221;&#8221;]LIFT Investments es nuestra plataforma de inversi\u00f3n privada basada en Panam\u00e1, dise\u00f1ada para estructurar oportunidades en Renta Fija Alternativa, Private Equity y Capital Steps, que es un programa disciplinado de creaci\u00f3n de capital.<\/p>\n<p>Nuestra filosof\u00eda se apoya en preservaci\u00f3n, generaci\u00f3n estructurada de flujo y diversificaci\u00f3n inteligente. Cada estrategia busca integrarse a un portafolio de forma coherente, con claridad de objetivos y visi\u00f3n patrimonial de largo plazo.<\/p>\n<p>Notas protegidas y notas estructuradas (Partnership Lynceus Partners) Estamos firmando una alianza estrat\u00e9gica con Lynceus Partners, boutique especializada en notas protegidas y notas estructuradas. A trav\u00e9s de esta colaboraci\u00f3n, buscamos ampliar el acceso a soluciones estructuradas dise\u00f1adas en coordinaci\u00f3n con bancos europeos l\u00edderes, incorporando arquitectura, diversificaci\u00f3n y monitoreo profesional.<\/p>\n<p>Este tipo de instrumentos est\u00e1 pensado para inversionistas que valoran estructura, claridad de escenarios y dise\u00f1o sofisticado orientado a objetivos patrimoniales.<\/p>\n<p>\u00bfPara qui\u00e9n es LIFT Investments?<br \/>\n\u2022 Inversionistas que buscan generaci\u00f3n estructurada de flujo.<br \/>\n\u2022 Empresarios que desean diversificar fuera de su negocio principal.<br \/>\n\u2022 Familias que priorizan preservaci\u00f3n de capital y visi\u00f3n patrimonial.<br \/>\n\u2022 Inversionistas internacionales que valoran una estructura paname\u00f1a y documentaci\u00f3n<br \/>\nordenada.[\/vc_column_text][\/vc_column][\/vc_row]<\/p>\n<\/div>","protected":false},"excerpt":{"rendered":"<p>[vc_row][vc_column][vc_column_text css=&#8221;&#8221;]LIFT Investments es nuestra plataforma de inversi\u00f3n privada basada en Panam\u00e1, dise\u00f1ada para estructurar oportunidades en Renta Fija Alternativa, Private Equity y Capital Steps, que es un programa disciplinado de creaci\u00f3n de capital. Nuestra filosof\u00eda se apoya en preservaci\u00f3n, generaci\u00f3n estructurada de flujo y diversificaci\u00f3n inteligente. Cada estrategia busca integrarse a un portafolio de [&hellip;]<\/p>\n","protected":false},"author":1,"featured_media":0,"parent":0,"menu_order":0,"comment_status":"closed","ping_status":"closed","template":"","meta":{"footnotes":""},"class_list":["post-213","page","type-page","status-publish","hentry"],"_links":{"self":[{"href":"https:\/\/liftcapital.net\/index.php\/wp-json\/wp\/v2\/pages\/213","targetHints":{"allow":["GET"]}}],"collection":[{"href":"https:\/\/liftcapital.net\/index.php\/wp-json\/wp\/v2\/pages"}],"about":[{"href":"https:\/\/liftcapital.net\/index.php\/wp-json\/wp\/v2\/types\/page"}],"author":[{"embeddable":true,"href":"https:\/\/liftcapital.net\/index.php\/wp-json\/wp\/v2\/users\/1"}],"replies":[{"embeddable":true,"href":"https:\/\/liftcapital.net\/index.php\/wp-json\/wp\/v2\/comments?post=213"}],"version-history":[{"count":2,"href":"https:\/\/liftcapital.net\/index.php\/wp-json\/wp\/v2\/pages\/213\/revisions"}],"predecessor-version":[{"id":215,"href":"https:\/\/liftcapital.net\/index.php\/wp-json\/wp\/v2\/pages\/213\/revisions\/215"}],"wp:attachment":[{"href":"https:\/\/liftcapital.net\/index.php\/wp-json\/wp\/v2\/media?parent=213"}],"curies":[{"name":"wp","href":"https:\/\/api.w.org\/{rel}","templated":true}]}}