{"id":153,"date":"2016-03-16T18:51:10","date_gmt":"2016-03-16T18:51:10","guid":{"rendered":"http:\/\/invested.progressionstudios.com\/?page_id=153"},"modified":"2026-02-21T13:55:25","modified_gmt":"2026-02-21T13:55:25","slug":"lift-leasing","status":"publish","type":"page","link":"https:\/\/liftcapital.net\/index.php\/lift-leasing\/","title":{"rendered":"Lift Leasing"},"content":{"rendered":"<div class=\"wpb-content-wrapper\"><p>[vc_row][vc_column][vc_column_text css=&#8221;&#8221;]LIFT Leasing ofrece financiamiento estructurado orientado a activos productivos y crecimiento sostenible. Dise\u00f1amos soluciones que convierten activos en liquidez estrat\u00e9gica, permitiendo a las empresas fortalecer su balance, optimizar su flujo de caja y liberar capital para expansi\u00f3n.<\/p>\n<p>Nuestro enfoque prioriza estructuras claras y eficientes \u2014 especialmente a trav\u00e9s de esquemas de leaseback y financiamiento de activos\u2014 alineadas a la realidad operativa de cada compa\u00f1\u00eda. El resultado es una soluci\u00f3n que impulsa crecimiento sin frenar la operaci\u00f3n y sin sacrificar visi\u00f3n de largo plazo.<\/p>\n<p>\u00bfPara qui\u00e9n es LIFT Leasing?<br \/>\n\u2022 Empresas con activos productivos que desean liberar liquidez.<br \/>\n\u2022 Compa\u00f1\u00edas en expansi\u00f3n que requieren estructuras financieras eficientes.<br \/>\n\u2022 Empresarios que buscan optimizar capital sin descapitalizarse.<\/p>\n<p>Beneficios clave<br \/>\n\u2022 Liquidez estrat\u00e9gica respaldada por activos<br \/>\n\u2022 Estructuras dise\u00f1adas a la medida<br \/>\n\u2022 Optimizaci\u00f3n de balance y flujo de caja<br \/>\n\u2022 Enfoque disciplinado y de largo plazo[\/vc_column_text][\/vc_column][\/vc_row]<\/p>\n<\/div>","protected":false},"excerpt":{"rendered":"<p>[vc_row][vc_column][vc_column_text css=&#8221;&#8221;]LIFT Leasing ofrece financiamiento estructurado orientado a activos productivos y crecimiento sostenible. Dise\u00f1amos soluciones que convierten activos en liquidez estrat\u00e9gica, permitiendo a las empresas fortalecer su balance, optimizar su flujo de caja y liberar capital para expansi\u00f3n. Nuestro enfoque prioriza estructuras claras y eficientes \u2014 especialmente a trav\u00e9s de esquemas de leaseback y financiamiento [&hellip;]<\/p>\n","protected":false},"author":1,"featured_media":0,"parent":0,"menu_order":0,"comment_status":"closed","ping_status":"closed","template":"","meta":{"footnotes":""},"class_list":["post-153","page","type-page","status-publish","hentry"],"_links":{"self":[{"href":"https:\/\/liftcapital.net\/index.php\/wp-json\/wp\/v2\/pages\/153","targetHints":{"allow":["GET"]}}],"collection":[{"href":"https:\/\/liftcapital.net\/index.php\/wp-json\/wp\/v2\/pages"}],"about":[{"href":"https:\/\/liftcapital.net\/index.php\/wp-json\/wp\/v2\/types\/page"}],"author":[{"embeddable":true,"href":"https:\/\/liftcapital.net\/index.php\/wp-json\/wp\/v2\/users\/1"}],"replies":[{"embeddable":true,"href":"https:\/\/liftcapital.net\/index.php\/wp-json\/wp\/v2\/comments?post=153"}],"version-history":[{"count":2,"href":"https:\/\/liftcapital.net\/index.php\/wp-json\/wp\/v2\/pages\/153\/revisions"}],"predecessor-version":[{"id":209,"href":"https:\/\/liftcapital.net\/index.php\/wp-json\/wp\/v2\/pages\/153\/revisions\/209"}],"wp:attachment":[{"href":"https:\/\/liftcapital.net\/index.php\/wp-json\/wp\/v2\/media?parent=153"}],"curies":[{"name":"wp","href":"https:\/\/api.w.org\/{rel}","templated":true}]}}